{"id":28,"date":"2017-03-09T00:15:53","date_gmt":"2017-03-08T23:15:53","guid":{"rendered":"http:\/\/m\u00fcnchenroda.de\/?page_id=28"},"modified":"2024-05-18T08:14:13","modified_gmt":"2024-05-18T07:14:13","slug":"geschichte-des-vereins","status":"publish","type":"page","link":"https:\/\/m\u00fcnchenroda.de\/?page_id=28","title":{"rendered":"Geschichte des Vereins"},"content":{"rendered":"<h1>Die\u00a0Geschichte des Vereins<\/h1>\n<p>Am 23.Januar 1992 wurde der Feuerwehrverein M\u00fcnchenroda e.V. gegr\u00fcndet.<br \/>\n20 Einwohner waren bei der Gr\u00fcndungsveranstaltung anwesend.<\/p>\n<p>Der erste Vereinsvorsitzende war Kamerad Erich K\u00e4stner bis er am 22. April 1994 das Amt an unseren Kamerad Maik Prinz abgegeben hat. Er \u00fcbte diese Funktion bis zum 06.10.2000 aus, anschlie\u00dfend Mario Volkhardt bis zum 16.06.2006. Nach 18 Jahren hat die Kameradin Christin Prinz am 01.03.2024 den Staffelstab an ihre Nachfolgerin <a href=\"nicole_penssler@web.de\">Nicole Pen\u00dfler<\/a> als unsere derzeitige Vereinsvorsitzende weitergegeben.<\/p>\n<p>Am 16.03.2001 wurde der Feuerwehrverein M\u00fcnchenroda e.V. in\u00a0 &#8222;Feuerwehr- und Heimatverein M\u00fcnchenroda e. V&#8220;. umbenannt. Somit wurde das Aufgabengebiet des Vereins um die Pflege des kulturellen Erbes des Ortes M\u00fcnchenroda erweitert.<\/p>\n<p>Zum 31.12.2023 z\u00e4hlte der Verein 39 Mitglieder.<\/p>\n","protected":false},"excerpt":{"rendered":"<p>Die\u00a0Geschichte des Vereins Am 23.Januar 1992 wurde der Feuerwehrverein M\u00fcnchenroda e.V. gegr\u00fcndet. 20 Einwohner waren bei der Gr\u00fcndungsveranstaltung anwesend. Der erste Vereinsvorsitzende war Kamerad Erich K\u00e4stner bis er am 22. April 1994 das Amt an unseren Kamerad Maik Prinz abgegeben hat. Er \u00fcbte diese Funktion bis zum 06.10.2000 aus, anschlie\u00dfend Mario Volkhardt bis zum 16.06.2006. &hellip; <\/p>\n<p class=\"link-more\"><a href=\"https:\/\/m\u00fcnchenroda.de\/?page_id=28\" class=\"more-link\"><span class=\"screen-reader-text\">\u201eGeschichte des Vereins\u201c<\/span> weiterlesen<\/a><\/p>\n","protected":false},"author":1,"featured_media":0,"parent":0,"menu_order":0,"comment_status":"closed","ping_status":"closed","template":"","meta":{"footnotes":""},"class_list":["post-28","page","type-page","status-publish","hentry"],"_links":{"self":[{"href":"https:\/\/m\u00fcnchenroda.de\/index.php?rest_route=\/wp\/v2\/pages\/28","targetHints":{"allow":["GET"]}}],"collection":[{"href":"https:\/\/m\u00fcnchenroda.de\/index.php?rest_route=\/wp\/v2\/pages"}],"about":[{"href":"https:\/\/m\u00fcnchenroda.de\/index.php?rest_route=\/wp\/v2\/types\/page"}],"author":[{"embeddable":true,"href":"https:\/\/m\u00fcnchenroda.de\/index.php?rest_route=\/wp\/v2\/users\/1"}],"replies":[{"embeddable":true,"href":"https:\/\/m\u00fcnchenroda.de\/index.php?rest_route=%2Fwp%2Fv2%2Fcomments&post=28"}],"version-history":[{"count":10,"href":"https:\/\/m\u00fcnchenroda.de\/index.php?rest_route=\/wp\/v2\/pages\/28\/revisions"}],"predecessor-version":[{"id":378,"href":"https:\/\/m\u00fcnchenroda.de\/index.php?rest_route=\/wp\/v2\/pages\/28\/revisions\/378"}],"wp:attachment":[{"href":"https:\/\/m\u00fcnchenroda.de\/index.php?rest_route=%2Fwp%2Fv2%2Fmedia&parent=28"}],"curies":[{"name":"wp","href":"https:\/\/api.w.org\/{rel}","templated":true}]}}