{"id":8,"date":"2017-03-08T23:51:21","date_gmt":"2017-03-08T22:51:21","guid":{"rendered":"http:\/\/m\u00fcnchenroda.de\/?page_id=8"},"modified":"2024-06-11T18:11:36","modified_gmt":"2024-06-11T17:11:36","slug":"impressum","status":"publish","type":"page","link":"https:\/\/m\u00fcnchenroda.de\/?page_id=8","title":{"rendered":"Impressum"},"content":{"rendered":"<p><strong>Feuerwehr- &amp; Heimatverein M\u00fcnchenroda e.V.<\/strong><br \/>\nM\u00fcnchenroda 27a<br \/>\nD-07751 Jena<\/p>\n<p>URL:\u00a0<a href=\"http:\/\/m\u00fcnchenroda.de\">http:\/\/m\u00fcnchenroda.de<\/a><\/p>\n<table border=\"0\" cellspacing=\"0\" cellpadding=\"0\" align=\"left\">\n<tbody>\n<tr>\n<td><strong>Vereinsvorsitzende<\/strong><\/td>\n<\/tr>\n<tr>\n<td><a href=\"nicole_penssler@web.de\">Nicole Pen\u00dfler<\/a><\/td>\n<\/tr>\n<\/tbody>\n<\/table>\n<table border=\"0\" cellspacing=\"0\" cellpadding=\"0\" align=\"left\">\n<tbody>\n<tr>\n<td><strong>Vereinsregisternummer<\/strong><\/td>\n<\/tr>\n<tr>\n<td>Amtsgericht Jena, VR231398<\/td>\n<\/tr>\n<\/tbody>\n<\/table>\n<table border=\"0\" cellspacing=\"0\" cellpadding=\"0\" align=\"left\">\n<tbody>\n<tr>\n<td><strong>FA Jena, Steuernummer<\/strong><\/td>\n<\/tr>\n<tr>\n<td>162\/ 141\/ 08643<\/td>\n<\/tr>\n<\/tbody>\n<\/table>\n<table border=\"0\" cellspacing=\"0\" cellpadding=\"0\" align=\"left\">\n<tbody>\n<tr>\n<td><strong>Gestaltung, Redaktion und Programmierung<\/strong><\/td>\n<\/tr>\n<tr>\n<td><a href=\"mailto:patricia.mueller@muenchenroda.de\">Patricia Mueller<\/a>, <a href=\"mailto:sven.haueisen@live.de\">Sven Haueisen<\/a><\/td>\n<\/tr>\n<\/tbody>\n<\/table>\n<table border=\"0\" cellspacing=\"0\" cellpadding=\"0\" align=\"left\">\n<tbody>\n<tr>\n<td><strong>Haftungsausschlu\u00df:<\/strong><\/td>\n<\/tr>\n<tr>\n<td>Eine Haftung f\u00fcr die Richtigkeit der Ver\u00f6ffentlichungen und Links kann nicht \u00fcbernommen werden. Der Feuerwehr- &amp; Heimatverein M\u00fcnchenroda e.V. ist nicht verantwortlich f\u00fcr die Inhalte externer Internetseiten.<\/td>\n<\/tr>\n<\/tbody>\n<\/table>\n\n\n<h4 class=\"wp-block-heading has-text-align-left has-black-color has-white-background-color has-text-color has-background has-link-color wp-elements-1c87514a3c3e99c8fde192352e9ea646\"><strong>Datenschutz:<\/strong><\/h4>\n\n\n\n<p><strong><em>Datenschutzerkl\u00e4rung<\/em><\/strong><\/p>\n\n\n\n<p>Nachfolgend informieren wir Sie \u00fcber den Umgang mit Ihren Daten gem. Art. 13 Datenschutzgrundverordnung (DSGVO).<br><br><strong><em>Nutzungsdaten:<\/em><\/strong><br>Wenn Sie diese Webseite besuchen, werden auf dem Webserver tempor\u00e4r sogenannte Nutzungsdaten zu statistischen Zwecken als Protokoll gespeichert, um die Qualit\u00e4t der Webseite zu verbessern. Diese Daten sind:<br>* die Seite, von der aus die Datei angefordert wurde,<br>* der Name der Datei,<br>* das Datum und die Uhrzeit der Abfrage.<br>Die genannten Protokolldaten werden nur anonymisiert gespeichert.<br><br>Wir verarbeiten nur die \u00fcber das Kontaktformular erhobenen Daten gem\u00e4\u00df Art. 6 Abs. 1 lit. f DSGVO, um Ihre Anfrage entsprechend zu beantworten. Unser berechtigtes Interesse besteht prim\u00e4r darin, Ihnen eine schnelle und unkomplizierte Kontaktaufnahme zu erm\u00f6glichen und Ihre Anfrage bearbeiten zu k\u00f6nnen. Die\u00a0 Datenverarbeitung umfasst entsprechend ihrer Bekanntgabe: Name, Anschrift, Email-Adresse.<br>Die Daten werden bis zu 6 Monate nach Abschlu\u00df der Bearbeitung Ihrer Anfrage gespeichert.<\/p>\n\n\n\n<p><em><strong>Technischer Standard:<\/strong><\/em><br>Unsere Ma\u00dfnahmen werden bei \u00c4nderungen dem Stand der Technik fortlaufend angepasst. Dennoch weisen wir darauf hin, dass der Datenschutz f\u00fcr die \u00dcbertragung von Daten innerhalb der Internets nach dem derzeitigen Stand der Technik nicht umfassend gew\u00e4hrleistet werden kann.<\/p>\n\n\n\n<p><strong><em>Ihre Rechte<\/em><\/strong><br>Betroffene Personen haben nach Ma\u00dfgabe der entsprechenden Regelung der DSGVO das Recht auf Auskunft (Art. 15) \u00fcber die sie betreffenden personenbezogenen Daten sowie auf Berichtigung unrichtiger Daten oder auf L\u00f6schung (Art. 16, 17). Es besteht zudem das Recht auf Einschr\u00e4nkung der Verarbeitung (Art. 18) und in den F\u00e4llen des Art. 20 DSGVO das Recht auf Daten\u00fcbertragbarkeit.<\/p>\n\n\n\n<p><strong><em>Widerspruch<\/em><\/strong><br>Werden Daten auf Grundlage von Art. 6 Abs. 1 lit. f verarbeitet (Datenverarbeitung zur Wahrung berechtigter Interessen), steht der betroffenen Person das Recht zu, jederzeit gegen die Verarbeitung Widerspruch einzulegen. Dieses Recht haben Sie vorliegend hinsichtlich der Datenverarbeitung zu Werbezwecken. Ich verarbeite die personenbezogenen Daten dann nicht mehr, es sei denn, es liegen nachweisbar zwingende schutzw\u00fcrdige Gr\u00fcnde f\u00fcr die Verarbeitung vor, die die Interessen, Rechte und Freiheiten der betroffenen Person \u00fcberwiegen, oder die Verarbeitung dient der Geltendmachung, Aus\u00fcbung oder Verteidigung von Rechtsanspr\u00fcchen.<\/p>\n","protected":false},"excerpt":{"rendered":"<p>Feuerwehr- &amp; Heimatverein M\u00fcnchenroda e.V. M\u00fcnchenroda 27a D-07751 Jena URL:\u00a0http:\/\/m\u00fcnchenroda.de Vereinsvorsitzende Nicole Pen\u00dfler Vereinsregisternummer Amtsgericht Jena, VR231398 FA Jena, Steuernummer 162\/ 141\/ 08643 Gestaltung, Redaktion und Programmierung Patricia Mueller, Sven Haueisen Haftungsausschlu\u00df: Eine Haftung f\u00fcr die Richtigkeit der Ver\u00f6ffentlichungen und Links kann nicht \u00fcbernommen werden. Der Feuerwehr- &amp; Heimatverein M\u00fcnchenroda e.V. ist nicht verantwortlich f\u00fcr &hellip; <\/p>\n<p class=\"link-more\"><a href=\"https:\/\/m\u00fcnchenroda.de\/?page_id=8\" class=\"more-link\"><span class=\"screen-reader-text\">\u201eImpressum\u201c<\/span> weiterlesen<\/a><\/p>\n","protected":false},"author":1,"featured_media":0,"parent":2,"menu_order":0,"comment_status":"closed","ping_status":"closed","template":"","meta":{"footnotes":""},"class_list":["post-8","page","type-page","status-publish","hentry"],"_links":{"self":[{"href":"https:\/\/m\u00fcnchenroda.de\/index.php?rest_route=\/wp\/v2\/pages\/8","targetHints":{"allow":["GET"]}}],"collection":[{"href":"https:\/\/m\u00fcnchenroda.de\/index.php?rest_route=\/wp\/v2\/pages"}],"about":[{"href":"https:\/\/m\u00fcnchenroda.de\/index.php?rest_route=\/wp\/v2\/types\/page"}],"author":[{"embeddable":true,"href":"https:\/\/m\u00fcnchenroda.de\/index.php?rest_route=\/wp\/v2\/users\/1"}],"replies":[{"embeddable":true,"href":"https:\/\/m\u00fcnchenroda.de\/index.php?rest_route=%2Fwp%2Fv2%2Fcomments&post=8"}],"version-history":[{"count":9,"href":"https:\/\/m\u00fcnchenroda.de\/index.php?rest_route=\/wp\/v2\/pages\/8\/revisions"}],"predecessor-version":[{"id":387,"href":"https:\/\/m\u00fcnchenroda.de\/index.php?rest_route=\/wp\/v2\/pages\/8\/revisions\/387"}],"up":[{"embeddable":true,"href":"https:\/\/m\u00fcnchenroda.de\/index.php?rest_route=\/wp\/v2\/pages\/2"}],"wp:attachment":[{"href":"https:\/\/m\u00fcnchenroda.de\/index.php?rest_route=%2Fwp%2Fv2%2Fmedia&parent=8"}],"curies":[{"name":"wp","href":"https:\/\/api.w.org\/{rel}","templated":true}]}}